{"id":19476,"date":"2025-06-03T13:37:44","date_gmt":"2025-06-03T11:37:44","guid":{"rendered":"https:\/\/www.deliverea.com\/avviso-legale\/"},"modified":"2025-06-03T13:37:44","modified_gmt":"2025-06-03T11:37:44","slug":"avviso-legale","status":"publish","type":"page","link":"https:\/\/www.deliverea.com\/it\/avviso-legale\/","title":{"rendered":"Avviso legale"},"content":{"rendered":"<p>Il presente avviso legale regola l&#8217;uso del sito web di uno qualsiasi dei sottodomini di deliverea.com (di seguito, IL SITO WEB), di propriet\u00e0 di DELIVEREA SHIPPING SOLUTIONS S.L.<\/p>\n<p>La navigazione nel sito web di DELIVEREA SHIPPING SOLUTIONS S.L. conferisce la condizione di utente dello stesso e implica l&#8217;accettazione piena e senza riserve di tutte le disposizioni incluse nel presente Avviso Legale, che pu\u00f2 subire modifiche.<\/p>\n<p>L&#8217;utente si impegna a fare un uso corretto del sito web nel rispetto delle leggi, della buona fede, dell&#8217;ordine pubblico, degli usi del traffico e del presente Avviso Legale. L&#8217;utente sar\u00e0 responsabile nei confronti di DELIVEREA SHIPPING SOLUTIONS S.L. o di terzi per eventuali danni causati dalla mancata osservanza di tale obbligo. <\/p>\n<p>IDENTIFICAZIONE E COMUNICAZIONI<br \/>\nDELIVEREA SHIPPING SOLUTIONS S.L., in conformit\u00e0 alla Legge 34\/2002, dell&#8217;11 luglio, sui servizi della societ\u00e0 dell&#8217;informazione e del commercio elettronico, informa che:<\/p>\n<p>La sua ragione sociale \u00e8: DELIVEREA SHIPPING SOLUTIONS S.L. con CIF B66493255 e sede legale in Av Diagonal 622, 4o 1a, 08021, Barcellona.<\/p>\n<p>Registrato nel Registro Mercantile di Barcellona, Volume 44.778, foglio 108, pagina 467.227.<\/p>\n<p>Per contattarci, ti offriamo diverse modalit\u00e0 di contatto che ti indichiamo di seguito:<br \/>\nTel.: +34 911 98 44 70<\/p>\n<p>Email: hello@deliverea.com<\/p>\n<p>Tutte le notifiche e le comunicazioni tra gli utenti e DELIVEREA SHIPPING SOLUTIONS S.L. saranno considerate efficaci, a tutti gli effetti, quando vengono effettuate per posta o con qualsiasi altro dei mezzi sopra menzionati.<\/p>\n<p>2. CONDIZIONI DI ACCESSO E DI UTILIZZO<br \/>\nIl sito web e i suoi servizi sono di libero accesso, tuttavia DELIVEREA SHIPPING SOLUTIONS S.L. condiziona l&#8217;utilizzo di alcuni dei servizi offerti sul suo sito web alla previa compilazione del corrispondente modulo di registrazione al servizio.<\/p>\n<p>L&#8217;utente garantisce l&#8217;autenticit\u00e0 e l&#8217;attualit\u00e0 di tutti i dati forniti a DELIVEREA SHIPPING SOLUTIONS S.L. e sar\u00e0 l&#8217;unico responsabile di eventuali dichiarazioni false o inesatte.<\/p>\n<p>L&#8217;utente si impegna espressamente a fare un uso appropriato dei contenuti e dei servizi di DELIVEREA SHIPPING SOLUTIONS S.L. e a non utilizzarli per, tra gli altri:<br \/>\n&#8211; Diffondere contenuti criminali, violenti, pornografici, razzisti, xenofobi, offensivi, a sostegno del terrorismo o, in generale, contrari alla legge o all&#8217;ordine pubblico.<br \/>\n&#8211; Introdurre nella rete virus informatici o compiere azioni in grado di alterare, danneggiare, interrompere o generare errori o danni a documenti elettronici, dati o sistemi fisici e logici di DELIVEREA SHIPPING SOLUTIONS S.L. o di terzi; nonch\u00e9 ostacolare l&#8217;accesso di altri utenti al sito web e ai suoi servizi attraverso il consumo massiccio delle risorse informatiche attraverso le quali DELIVEREA SHIPPING SOLUTIONS S.L. fornisce i suoi servizi.<br \/>\n&#8211; Tentare di accedere agli account di posta elettronica di altri utenti o ad aree riservate dei sistemi informatici di DELIVEREA SHIPPING SOLUTIONS S.L. o di terzi e, se del caso, estrarre informazioni.<br \/>\n&#8211; Violare i diritti di propriet\u00e0 intellettuale o industriale, cos\u00ec come violare la riservatezza delle informazioni di DELIVEREA SHIPPING SOLUTIONS S.L. o di terzi.<br \/>\n&#8211; Impersonare un altro utente, le autorit\u00e0 pubbliche o una terza parte.<br \/>\n&#8211; Riprodurre, copiare, distribuire, rendere disponibile o in qualsiasi altro modo comunicare pubblicamente, trasformare o modificare i contenuti, a meno che non sia autorizzato dal titolare dei diritti corrispondenti o sia legalmente consentito.<br \/>\n&#8211; Raccogliere dati a scopo pubblicitario e inviare pubblicit\u00e0 di qualsiasi tipo e comunicazioni a scopo di vendita o altri scopi commerciali senza previa richiesta o consenso.<\/p>\n<p>Tutti i contenuti del sito web, come testi, fotografie, grafici, immagini, icone, tecnologia, software, nonch\u00e9 il suo design grafico e i codici sorgente, costituiscono un&#8217;opera la cui propriet\u00e0 appartiene a DELIVEREA SHIPPING SOLUTIONS S.L., e nessuno dei diritti di sfruttamento degli stessi pu\u00f2 intendersi trasferito all&#8217;utente al di l\u00e0 di quanto strettamente necessario per il corretto utilizzo del sito web.<\/p>\n<p>Allo stesso modo, tutti i marchi, i nomi commerciali o i loghi di qualsiasi tipo che appaiono sul sito web sono di propriet\u00e0 di DELIVEREA SHIPPING SOLUTIONS S.L., e non si pu\u00f2 interpretare che l&#8217;uso o l&#8217;accesso al sito web conceda all&#8217;utente alcun diritto su di essi.<\/p>\n<p>Sono vietati la distribuzione, la modifica, il trasferimento o la comunicazione pubblica dei contenuti e qualsiasi altro atto non espressamente autorizzato dal titolare dei diritti di sfruttamento.<\/p>\n<p>La creazione di un collegamento ipertestuale non implica in nessun caso l&#8217;esistenza di una relazione tra DELIVEREA SHIPPING SOLUTIONS S.L. e il proprietario del sito web su cui \u00e8 stabilito, n\u00e9 l&#8217;accettazione e l&#8217;approvazione da parte di DELIVEREA SHIPPING SOLUTIONS S.L. dei suoi contenuti o servizi.<\/p>\n<p>I soggetti che intendono stabilire un collegamento ipertestuale devono richiedere una preventiva autorizzazione scritta a DELIVEREA SHIPPING SOLUTIONS S.L. In ogni caso, il collegamento ipertestuale consentir\u00e0 esclusivamente l&#8217;accesso alla home page del nostro sito web, e dovr\u00e0 inoltre astenersi dal fare dichiarazioni o indicazioni false, imprecise o errate su DELIVEREA SHIPPING SOLUTIONS S.L., o includere contenuti illegali, contrari ai buoni costumi e all&#8217;ordine pubblico.<\/p>\n<p>DELIVEREA SHIPPING SOLUTIONS S.L. non \u00e8 responsabile dell&#8217;uso che ciascun utente fa dei materiali resi disponibili su questo sito web n\u00e9 delle azioni compiute sulla base degli stessi.<\/p>\n<p>3.<br \/>\nIl contenuto di questo sito web \u00e8 di natura generale e ha uno scopo puramente informativo. Non viene fornita alcuna garanzia circa la completezza, l&#8217;accuratezza, l&#8217;attualit\u00e0 o la tempestivit\u00e0 del contenuto, o circa la sua idoneit\u00e0 o utilit\u00e0 per qualsiasi scopo particolare.<\/p>\n<p>DELIVEREA SHIPPING SOLUTIONS S.L. esclude, nella misura consentita dalla legge, qualsiasi responsabilit\u00e0 per danni di qualsiasi tipo derivanti da:<\/p>\n<p>&#8211; L&#8217;impossibilit\u00e0 di accedere al sito web o la mancanza di veridicit\u00e0, accuratezza, completezza e\/o tempestivit\u00e0 dei contenuti, cos\u00ec come l&#8217;esistenza di vizi e difetti di qualsiasi tipo nei contenuti trasmessi, diffusi, memorizzati, resi disponibili a coloro che hanno avuto accesso attraverso il sito web o i servizi offerti.<br \/>\n&#8211; La presenza di virus o altri elementi nei contenuti che possono causare alterazioni nei sistemi informatici, nei documenti elettronici o nei dati degli utenti.<br \/>\n&#8211; Il mancato rispetto della legge, della buona fede, dell&#8217;ordine pubblico, degli usi del traffico e del presente avviso legale come conseguenza di un uso scorretto del sito web. In particolare, e a titolo esemplificativo, DELIVEREA SHIPPING SOLUTIONS S.L. non \u00e8 responsabile delle azioni di terzi che violino i diritti di propriet\u00e0 intellettuale e industriale, i segreti aziendali, i diritti all&#8217;onore, la privacy personale e familiare e l&#8217;immagine di s\u00e9, nonch\u00e9 le norme sulla concorrenza sleale e la pubblicit\u00e0 illegale. <\/p>\n<p>Allo stesso modo, DELIVEREA SHIPPING SOLUTIONS S.L. declina ogni responsabilit\u00e0 per le informazioni reperite al di fuori di questo sito web e non gestite direttamente dall&#8217;azienda. La funzione dei link che compaiono su questo sito web \u00e8 esclusivamente quella di informare l&#8217;utente dell&#8217;esistenza di altre fonti in grado di ampliare i contenuti offerti da questo sito web. DELIVEREA SHIPPING SOLUTIONS S.L. non garantisce n\u00e9 \u00e8 responsabile del funzionamento o dell&#8217;accessibilit\u00e0 dei siti collegati, n\u00e9 suggerisce, invita o raccomanda di visitarli, n\u00e9 sar\u00e0 responsabile dei risultati ottenuti. DELIVEREA SHIPPING SOLUTIONS S.L. non \u00e8 responsabile della creazione di collegamenti ipertestuali da parte di terzi.   <\/p>\n<p>4. POLITICA SULLA PRIVACY<br \/>\nIn conformit\u00e0 con la Legge Organica 15\/1999, del 13 dicembre, sulla Protezione dei Dati Personali, ti informiamo che i dati personali che ci fornirai attraverso i moduli ospitati su uno qualsiasi dei sottodomini della piattaforma DELIVEREA SHIPPING SOLUTIONS S.L. o tramite l&#8217;integrazione attraverso l&#8217;API di DELIVEREA SHIPPING SOLUTIONS S.L. o con altri mezzi come il telefono o l&#8217;e-mail saranno trattati in modo confidenziale e entreranno a far parte di un file di propriet\u00e0 di DELIVEREA SHIPPING SOLUTIONS S.L. che \u00e8 stato debitamente registrato.L. o altri mezzi come telefono o e-mail saranno trattati con riservatezza e saranno inclusi in un file di propriet\u00e0 di DELIVEREA SHIPPING SOLUTIONS S.L. che \u00e8 stato debitamente registrato presso l&#8217;Agenzia Spagnola per la Protezione dei Dati (www.agpd.es).<\/p>\n<p>I dati personali dei mittenti e dei destinatari delle spedizioni forniti dal Cliente saranno utilizzati solo ed esclusivamente per la fornitura del servizio offerto dall&#8217;Operatore del Trasporto.<\/p>\n<p>I dati dei clienti registrati attraverso i moduli di consegna non saranno ceduti a terzi senza il preventivo consenso.<\/p>\n<p>Nel caso in cui i dati personali siano forniti dal Cliente a DELIVEREA SHIPPING SOLUTIONS S.L. o a qualsiasi Operatore del Trasporto che gestisce la spedizione, in quanto necessari per l&#8217;esecuzione del servizio di trasporto, DELIVEREA SHIPPING SOLUTIONS S.L. si impegna a trattare tali dati in conformit\u00e0 alle istruzioni del Cliente e non li utilizzer\u00e0 per scopi diversi da quelli stabiliti nel presente Contratto. Fermo restando quanto sopra, il Cliente acconsente al trattamento di tali dati da parte di collaboratori collegati a DELIVEREA SHIPPING SOLUTIONS S.L. o di Operatori del Trasporto incaricati della gestione delle spedizioni, per cui DELIVEREA SHIPPING SOLUTIONS S.L. potr\u00e0, in nome e per conto del Cliente, comunicare tali dati a societ\u00e0 terze incaricate della gestione delle spedizioni oggetto del presente Contratto. Inoltre, DELIVEREA SHIPPING SOLUTIONS S.L. adotter\u00e0 le misure tecniche e organizzative necessarie per garantire la sicurezza dei dati personali e impedirne l&#8217;alterazione, la perdita, il trattamento o l&#8217;accesso non autorizzato.  <\/p>\n<p>Allo stesso modo, il Cliente potr\u00e0 esercitare i propri diritti di accesso, rettifica, cancellazione e opposizione in conformit\u00e0 alle disposizioni della Legge Organica 15\/1999, del 13 dicembre, sulla Protezione dei Dati Personali, inviando una lettera unitamente a una fotocopia del proprio documento d&#8217;identit\u00e0 al seguente indirizzo: Deliverea Shipping Solutions S.L. REF: PROTECCION DE DATOS, Av Diagonal 622, 4o 1a, 08021, Barcelona.<\/p>\n<p>I dati richiesti al Cliente tramite i moduli indicati con un asterisco (*) saranno strettamente necessari per fornire il servizio o per effettuare qualsiasi tipo di interazione di natura operativa, tecnica o commerciale.<\/p>\n<p>Il Cliente garantisce la veridicit\u00e0 dei dati personali forniti ed \u00e8 responsabile della comunicazione di eventuali modifiche degli stessi. Il Cliente sar\u00e0 l&#8217;unico responsabile per qualsiasi danno o perdita diretta o indiretta che possa essere causata a DELIVEREA SHIPPING SOLUTIONS S.L. o a qualsiasi terza parte collegata a DELIVEREA SHIPPING SOLUTIONS S.L., come risultato della compilazione dei moduli o della documentazione di spedizione con dati falsi, inaccurati, incompleti o non aggiornati. <\/p>\n<p>Nel caso in cui il Cliente includa dati personali di terzi, prima della loro inclusione, dovr\u00e0 informarli delle disposizioni della presente informativa sulla privacy e sar\u00e0 l&#8217;unico responsabile della loro inclusione.<\/p>\n<p>5. PROCEDURA IN CASO DI ATTIVIT\u00c0 ILLEGALI<br \/>\nNel caso in cui un utente o una terza parte ritenga che esistano fatti o circostanze che rivelino la natura illegale dell&#8217;uso di qualsiasi contenuto e\/o dello svolgimento di qualsiasi attivit\u00e0 sulle pagine web incluse o accessibili attraverso il sito web, dovr\u00e0 inviare una notifica a DELIVEREA SHIPPING SOLUTIONS S.L. identificandosi debitamente<br \/>\nspecificando le presunte violazioni e dichiarando espressamente sotto la propria responsabilit\u00e0 che le informazioni fornite nella notifica sono accurate.<\/p>\n<p>Per tutte le controversie relative al sito web di DELIVEREA SHIPPING SOLUTIONS S.L. si applica la legislazione spagnola e sono competenti le Corti e i Tribunali di Barcellona (Spagna).<\/p>\n<p>6. AUTORIZZAZIONE AL TRASFERIMENTO DEI DATI<br \/>\nL&#8217;utente accetta il trasferimento dei propri dati personali (trasferimento dei dati di contatto e di identificazione, nonch\u00e9 delle informazioni relative alle proprie operazioni logistiche) raccolti attraverso il modulo di contatto o con altri mezzi da parte di DELIVEREA SHIPPING SOLUTIONS S.L.<\/p>\n<p>Tali dati saranno raccolti da personale autorizzato in conformit\u00e0 alle norme sulla protezione dei dati.<\/p>\n<p>L&#8217;unico ed esclusivo scopo della raccolta dei dati personali sar\u00e0 quello di rispondere alla richiesta del cliente interessato al servizio offerto attraverso uno dei sottodomini di deliverea.com.<\/p>\n<p>Allo stesso modo, tali dati potranno essere utilizzati a fini statistici da DELIVEREA SHIPPING SOLUTIONS S.L., titolare dell&#8217;applicazione in questione.<br \/>\nI dati saranno trattati con la necessaria discrezione, fatto salvo il diritto dell&#8217;interessato di esercitare i propri diritti di accesso, rettifica, opposizione e cancellazione, se applicabili.<\/p>\n<p>In conformit\u00e0 alle disposizioni degli articoli 6 e 11 della Legge Organica 15\/1999, del 13 dicembre, l&#8217;accettazione che i tuoi dati possano essere trattati o trasferiti nei termini qui stabiliti \u00e8 revocabile e senza effetto retroattivo.<\/p>\n<p>7. PUBBLICAZIONI<br \/>\nLe informazioni amministrative fornite attraverso il sito web non sostituiscono la pubblicazione legale di leggi, regolamenti, piani, disposizioni generali e atti che devono essere formalmente pubblicati nelle gazzette ufficiali delle pubbliche amministrazioni, che sono l&#8217;unico strumento che ne attesta l&#8217;autenticit\u00e0 e il contenuto. Le informazioni disponibili su questo sito web devono essere intese come una guida senza alcuna validit\u00e0 legale. <\/p>\n<p>8. LEGGE APPLICABILE E GIURISDIZIONE<br \/>\nIn generale, i rapporti tra DELIVEREA SHIPPING SOLUTIONS S.L. e gli utenti dei suoi servizi telematici presenti su questo sito sono soggetti alla legge spagnola.<\/p>\n<p>DELIVEREA SHIPPING SOLUTIONS S.L. e l&#8217;Utente, rinunciando espressamente a qualsiasi altra giurisdizione, si sottopongono alle Corti e ai Tribunali di DELIVEREA SHIPPING SOLUTIONS S.L. per qualsiasi controversia che possa sorgere in relazione ai prodotti e ai servizi di questo sito\/documento.<\/p>\n","protected":false},"excerpt":{"rendered":"<p>Il presente avviso legale regola l&#8217;uso del sito web di uno qualsiasi dei sottodomini di deliverea.com (di seguito, IL SITO WEB), di propriet\u00e0 di DELIVEREA SHIPPING SOLUTIONS S.L. La navigazione nel sito web di DELIVEREA SHIPPING SOLUTIONS S.L. conferisce la condizione di utente dello stesso e implica l&#8217;accettazione piena e senza riserve di tutte le &#8230; <a title=\"Avviso legale\" class=\"read-more\" href=\"https:\/\/www.deliverea.com\/it\/avviso-legale\/\" aria-label=\"Per saperne di pi\u00f9 su Avviso legale\">Leggi tutto<\/a><\/p>\n","protected":false},"author":1,"featured_media":0,"parent":0,"menu_order":0,"comment_status":"closed","ping_status":"closed","template":"page-legal.php","meta":{"_acf_changed":false,"inline_featured_image":false,"footnotes":""},"class_list":["post-19476","page","type-page","status-publish"],"acf":[],"yoast_head":"<!-- This site is optimized with the Yoast SEO plugin v27.5 - https:\/\/yoast.com\/product\/yoast-seo-wordpress\/ -->\n<title>Avviso legale - Deliverea<\/title>\n<meta name=\"robots\" content=\"noindex, follow\" \/>\n<meta property=\"og:locale\" content=\"it_IT\" \/>\n<meta property=\"og:type\" content=\"article\" \/>\n<meta property=\"og:title\" content=\"Avviso legale - Deliverea\" \/>\n<meta property=\"og:description\" content=\"Il presente avviso legale regola l&#8217;uso del sito web di uno qualsiasi dei sottodomini di deliverea.com (di seguito, IL SITO WEB), di propriet\u00e0 di DELIVEREA SHIPPING SOLUTIONS S.L. La navigazione nel sito web di DELIVEREA SHIPPING SOLUTIONS S.L. conferisce la condizione di utente dello stesso e implica l&#8217;accettazione piena e senza riserve di tutte le ... Leggi tutto\" \/>\n<meta property=\"og:url\" content=\"https:\/\/www.deliverea.com\/aviso-legal\/\" \/>\n<meta property=\"og:site_name\" content=\"Deliverea\" \/>\n<meta property=\"og:image\" content=\"https:\/\/www.deliverea.com\/wp-content\/uploads\/2025\/12\/fondo__IA.webp\" \/>\n\t<meta property=\"og:image:width\" content=\"1649\" \/>\n\t<meta property=\"og:image:height\" content=\"961\" \/>\n\t<meta property=\"og:image:type\" content=\"image\/webp\" \/>\n<meta name=\"twitter:card\" content=\"summary_large_image\" \/>\n<meta name=\"twitter:label1\" content=\"Tempo di lettura stimato\" \/>\n\t<meta name=\"twitter:data1\" content=\"10 minuti\" \/>\n<script type=\"application\/ld+json\" class=\"yoast-schema-graph\">{\"@context\":\"https:\\\/\\\/schema.org\",\"@graph\":[{\"@type\":\"WebPage\",\"@id\":\"https:\\\/\\\/www.deliverea.com\\\/aviso-legal\\\/\",\"url\":\"https:\\\/\\\/www.deliverea.com\\\/aviso-legal\\\/\",\"name\":\"Avviso legale - Deliverea\",\"isPartOf\":{\"@id\":\"https:\\\/\\\/www.deliverea.com\\\/#website\"},\"datePublished\":\"2025-06-03T11:37:44+00:00\",\"breadcrumb\":{\"@id\":\"https:\\\/\\\/www.deliverea.com\\\/aviso-legal\\\/#breadcrumb\"},\"inLanguage\":\"it-IT\",\"potentialAction\":[{\"@type\":\"ReadAction\",\"target\":[\"https:\\\/\\\/www.deliverea.com\\\/aviso-legal\\\/\"]}]},{\"@type\":\"BreadcrumbList\",\"@id\":\"https:\\\/\\\/www.deliverea.com\\\/aviso-legal\\\/#breadcrumb\",\"itemListElement\":[{\"@type\":\"ListItem\",\"position\":1,\"name\":\"Home\",\"item\":\"https:\\\/\\\/www.deliverea.com\\\/it\\\/\"},{\"@type\":\"ListItem\",\"position\":2,\"name\":\"Avviso legale\"}]},{\"@type\":\"WebSite\",\"@id\":\"https:\\\/\\\/www.deliverea.com\\\/#website\",\"url\":\"https:\\\/\\\/www.deliverea.com\\\/\",\"name\":\"Deliverea\",\"description\":\"Gesti\u00f3n de env\u00edos y devoluci\u00f3n\",\"publisher\":{\"@id\":\"https:\\\/\\\/www.deliverea.com\\\/#organization\"},\"potentialAction\":[{\"@type\":\"SearchAction\",\"target\":{\"@type\":\"EntryPoint\",\"urlTemplate\":\"https:\\\/\\\/www.deliverea.com\\\/?s={search_term_string}\"},\"query-input\":{\"@type\":\"PropertyValueSpecification\",\"valueRequired\":true,\"valueName\":\"search_term_string\"}}],\"inLanguage\":\"it-IT\"},{\"@type\":\"Organization\",\"@id\":\"https:\\\/\\\/www.deliverea.com\\\/#organization\",\"name\":\"Deliverea\",\"alternateName\":\"Deliverea\",\"url\":\"https:\\\/\\\/www.deliverea.com\\\/\",\"logo\":{\"@type\":\"ImageObject\",\"inLanguage\":\"it-IT\",\"@id\":\"https:\\\/\\\/www.deliverea.com\\\/#\\\/schema\\\/logo\\\/image\\\/\",\"url\":\"https:\\\/\\\/www.deliverea.com\\\/wp-content\\\/uploads\\\/2025\\\/12\\\/favicon-96x96-1.png\",\"contentUrl\":\"https:\\\/\\\/www.deliverea.com\\\/wp-content\\\/uploads\\\/2025\\\/12\\\/favicon-96x96-1.png\",\"width\":96,\"height\":96,\"caption\":\"Deliverea\"},\"image\":{\"@id\":\"https:\\\/\\\/www.deliverea.com\\\/#\\\/schema\\\/logo\\\/image\\\/\"},\"sameAs\":[\"https:\\\/\\\/www.linkedin.com\\\/company\\\/deliverea\\\/\"]}]}<\/script>\n<!-- \/ Yoast SEO plugin. -->","yoast_head_json":{"title":"Avviso legale - Deliverea","robots":{"index":"noindex","follow":"follow"},"og_locale":"it_IT","og_type":"article","og_title":"Avviso legale - Deliverea","og_description":"Il presente avviso legale regola l&#8217;uso del sito web di uno qualsiasi dei sottodomini di deliverea.com (di seguito, IL SITO WEB), di propriet\u00e0 di DELIVEREA SHIPPING SOLUTIONS S.L. La navigazione nel sito web di DELIVEREA SHIPPING SOLUTIONS S.L. conferisce la condizione di utente dello stesso e implica l&#8217;accettazione piena e senza riserve di tutte le ... Leggi tutto","og_url":"https:\/\/www.deliverea.com\/aviso-legal\/","og_site_name":"Deliverea","og_image":[{"width":1649,"height":961,"url":"https:\/\/www.deliverea.com\/wp-content\/uploads\/2025\/12\/fondo__IA.webp","type":"image\/webp"}],"twitter_card":"summary_large_image","twitter_misc":{"Tempo di lettura stimato":"10 minuti"},"schema":{"@context":"https:\/\/schema.org","@graph":[{"@type":"WebPage","@id":"https:\/\/www.deliverea.com\/aviso-legal\/","url":"https:\/\/www.deliverea.com\/aviso-legal\/","name":"Avviso legale - Deliverea","isPartOf":{"@id":"https:\/\/www.deliverea.com\/#website"},"datePublished":"2025-06-03T11:37:44+00:00","breadcrumb":{"@id":"https:\/\/www.deliverea.com\/aviso-legal\/#breadcrumb"},"inLanguage":"it-IT","potentialAction":[{"@type":"ReadAction","target":["https:\/\/www.deliverea.com\/aviso-legal\/"]}]},{"@type":"BreadcrumbList","@id":"https:\/\/www.deliverea.com\/aviso-legal\/#breadcrumb","itemListElement":[{"@type":"ListItem","position":1,"name":"Home","item":"https:\/\/www.deliverea.com\/it\/"},{"@type":"ListItem","position":2,"name":"Avviso legale"}]},{"@type":"WebSite","@id":"https:\/\/www.deliverea.com\/#website","url":"https:\/\/www.deliverea.com\/","name":"Deliverea","description":"Gesti\u00f3n de env\u00edos y devoluci\u00f3n","publisher":{"@id":"https:\/\/www.deliverea.com\/#organization"},"potentialAction":[{"@type":"SearchAction","target":{"@type":"EntryPoint","urlTemplate":"https:\/\/www.deliverea.com\/?s={search_term_string}"},"query-input":{"@type":"PropertyValueSpecification","valueRequired":true,"valueName":"search_term_string"}}],"inLanguage":"it-IT"},{"@type":"Organization","@id":"https:\/\/www.deliverea.com\/#organization","name":"Deliverea","alternateName":"Deliverea","url":"https:\/\/www.deliverea.com\/","logo":{"@type":"ImageObject","inLanguage":"it-IT","@id":"https:\/\/www.deliverea.com\/#\/schema\/logo\/image\/","url":"https:\/\/www.deliverea.com\/wp-content\/uploads\/2025\/12\/favicon-96x96-1.png","contentUrl":"https:\/\/www.deliverea.com\/wp-content\/uploads\/2025\/12\/favicon-96x96-1.png","width":96,"height":96,"caption":"Deliverea"},"image":{"@id":"https:\/\/www.deliverea.com\/#\/schema\/logo\/image\/"},"sameAs":["https:\/\/www.linkedin.com\/company\/deliverea\/"]}]}},"_links":{"self":[{"href":"https:\/\/www.deliverea.com\/it\/wp-json\/wp\/v2\/pages\/19476","targetHints":{"allow":["GET"]}}],"collection":[{"href":"https:\/\/www.deliverea.com\/it\/wp-json\/wp\/v2\/pages"}],"about":[{"href":"https:\/\/www.deliverea.com\/it\/wp-json\/wp\/v2\/types\/page"}],"author":[{"embeddable":true,"href":"https:\/\/www.deliverea.com\/it\/wp-json\/wp\/v2\/users\/1"}],"replies":[{"embeddable":true,"href":"https:\/\/www.deliverea.com\/it\/wp-json\/wp\/v2\/comments?post=19476"}],"version-history":[{"count":0,"href":"https:\/\/www.deliverea.com\/it\/wp-json\/wp\/v2\/pages\/19476\/revisions"}],"wp:attachment":[{"href":"https:\/\/www.deliverea.com\/it\/wp-json\/wp\/v2\/media?parent=19476"}],"curies":[{"name":"wp","href":"https:\/\/api.w.org\/{rel}","templated":true}]}}