{"id":19430,"date":"2025-06-17T12:23:58","date_gmt":"2025-06-17T10:23:58","guid":{"rendered":"https:\/\/www.deliverea.com\/informativa-sulla-privacy-di-google\/"},"modified":"2025-06-17T12:23:58","modified_gmt":"2025-06-17T10:23:58","slug":"informativa-sulla-privacy-di-google","status":"publish","type":"page","link":"https:\/\/www.deliverea.com\/it\/informativa-sulla-privacy-di-google\/","title":{"rendered":"Informativa sulla privacy di Google"},"content":{"rendered":"<p>Deliverea utilizza i dati ottenuti dall&#8217;API di Google in conformit\u00e0 con l&#8217;Informativa sui dati degli utenti dei servizi API di Google.<\/p>\n<h3>Uso consentito<\/h3>\n<p>Con l&#8217;autorizzazione dell&#8217;utente, Google consente a Deliverea di utilizzare i dati di portata limitata, compresi i dati di Gmail, per fornire o migliorare le funzioni rivolte all&#8217;utente che sono in primo piano nell&#8217;Applicazione Deliverea.<br \/>\nDati utente consultati e finalit\u00e0<\/p>\n<ul>\n<li>I dati relativi all&#8217;e-mail, alle preferenze linguistiche e ai pic del profilo sono accessibili ai fini del login tramite i servizi Oauth di Google.<\/li>\n<li>Lo strumento di biglietteria centralizzata del vettore di Deliverea, con il tuo consenso, pu\u00f2:\n<ul>\n<li>inviare e-mail per conto dell&#8217;utente su sua richiesta.<\/li>\n<li>leggi la tua email. L&#8217;ambito di applicazione sar\u00e0 limitato ai thread di e-mail inizialmente aperti attraverso la piattaforma di Deliverea.<\/li>\n<\/ul>\n<\/li>\n<\/ul>\n<h3>Trasferimento consentito<\/h3>\n<p>In accordo con Google, Deliverea trasferir\u00e0 i dati di ambito limitato al di fuori dell&#8217;azienda solo se il trasferimento dei dati \u00e8 necessario per:<\/p>\n<ul>\n<li>fornire o migliorare le funzioni rivolte all&#8217;utente che sono in primo piano nell&#8217;interfaccia di Deliverea,<\/li>\n<li>per rispettare le leggi vigenti, o<\/li>\n<li>rilascio nell&#8217;ambito di una fusione, acquisizione o vendita di beni.<\/li>\n<\/ul>\n<p>Qualsiasi altro trasferimento o vendita dei dati dell&#8217;utente \u00e8 assolutamente vietato.<\/p>\n<h3>Pubblicit\u00e0 vietata<\/h3>\n<p>Deliverea non utilizzer\u00e0 o trasferir\u00e0 mai i dati di portata limitata per servire pubblicit\u00e0 agli utenti. Questo include pubblicit\u00e0 personalizzata, mirata e basata sugli interessi.<\/p>\n<h3>Interazione vietata<\/h3>\n<p>In accordo con Google, Deliverea proibisce agli esseri umani di leggere i dati degli utenti a portata limitata. Ad esempio, viene utilizzato per estrarre le tue e-mail e inviarle per tuo conto. I dipendenti di Deliverea non saranno mai autorizzati a leggere i messaggi Gmail di un utente a meno che:<\/p>\n<ul>\n<li>acconsenti a condividere messaggi specifici per scopi di supporto, oppure<\/li>\n<li>\u00e8 necessario per motivi di sicurezza, oppure<\/li>\n<li>\u00e8 necessario per rispettare le leggi vigenti, oppure<\/li>\n<li>se aggregati e resi anonimi per scopi operativi interni<\/li>\n<\/ul>\n<h3>Consenso<\/h3>\n<p>Google non ti permette di acconsentire alla condivisione dei tuoi dati con i partner.<\/p>\n","protected":false},"excerpt":{"rendered":"<p>Deliverea utilizza i dati ottenuti dall&#8217;API di Google in conformit\u00e0 con l&#8217;Informativa sui dati degli utenti dei servizi API di Google. Uso consentito Con l&#8217;autorizzazione dell&#8217;utente, Google consente a Deliverea di utilizzare i dati di portata limitata, compresi i dati di Gmail, per fornire o migliorare le funzioni rivolte all&#8217;utente che sono in primo piano &#8230; <a title=\"Informativa sulla privacy di Google\" class=\"read-more\" href=\"https:\/\/www.deliverea.com\/it\/informativa-sulla-privacy-di-google\/\" aria-label=\"Per saperne di pi\u00f9 su Informativa sulla privacy di Google\">Leggi tutto<\/a><\/p>\n","protected":false},"author":1,"featured_media":0,"parent":0,"menu_order":0,"comment_status":"closed","ping_status":"closed","template":"page-legal.php","meta":{"_acf_changed":false,"inline_featured_image":false,"footnotes":""},"class_list":["post-19430","page","type-page","status-publish"],"acf":[],"yoast_head":"<!-- This site is optimized with the Yoast SEO plugin v27.5 - https:\/\/yoast.com\/product\/yoast-seo-wordpress\/ -->\n<title>Informativa sulla privacy di Google - Deliverea<\/title>\n<meta name=\"robots\" content=\"noindex, follow\" \/>\n<meta property=\"og:locale\" content=\"it_IT\" \/>\n<meta property=\"og:type\" content=\"article\" \/>\n<meta property=\"og:title\" content=\"Informativa sulla privacy di Google - Deliverea\" \/>\n<meta property=\"og:description\" content=\"Deliverea utilizza i dati ottenuti dall&#8217;API di Google in conformit\u00e0 con l&#8217;Informativa sui dati degli utenti dei servizi API di Google. Uso consentito Con l&#8217;autorizzazione dell&#8217;utente, Google consente a Deliverea di utilizzare i dati di portata limitata, compresi i dati di Gmail, per fornire o migliorare le funzioni rivolte all&#8217;utente che sono in primo piano ... Leggi tutto\" \/>\n<meta property=\"og:url\" content=\"https:\/\/www.deliverea.com\/google-privacy-policy\/\" \/>\n<meta property=\"og:site_name\" content=\"Deliverea\" \/>\n<meta property=\"og:image\" content=\"https:\/\/www.deliverea.com\/wp-content\/uploads\/2025\/12\/fondo__IA.webp\" \/>\n\t<meta property=\"og:image:width\" content=\"1649\" \/>\n\t<meta property=\"og:image:height\" content=\"961\" \/>\n\t<meta property=\"og:image:type\" content=\"image\/webp\" \/>\n<meta name=\"twitter:card\" content=\"summary_large_image\" \/>\n<meta name=\"twitter:label1\" content=\"Tempo di lettura stimato\" \/>\n\t<meta name=\"twitter:data1\" content=\"2 minuti\" \/>\n<script type=\"application\/ld+json\" class=\"yoast-schema-graph\">{\"@context\":\"https:\\\/\\\/schema.org\",\"@graph\":[{\"@type\":\"WebPage\",\"@id\":\"https:\\\/\\\/www.deliverea.com\\\/google-privacy-policy\\\/\",\"url\":\"https:\\\/\\\/www.deliverea.com\\\/google-privacy-policy\\\/\",\"name\":\"Informativa sulla privacy di Google - Deliverea\",\"isPartOf\":{\"@id\":\"https:\\\/\\\/www.deliverea.com\\\/#website\"},\"datePublished\":\"2025-06-17T10:23:58+00:00\",\"breadcrumb\":{\"@id\":\"https:\\\/\\\/www.deliverea.com\\\/google-privacy-policy\\\/#breadcrumb\"},\"inLanguage\":\"it-IT\",\"potentialAction\":[{\"@type\":\"ReadAction\",\"target\":[\"https:\\\/\\\/www.deliverea.com\\\/google-privacy-policy\\\/\"]}]},{\"@type\":\"BreadcrumbList\",\"@id\":\"https:\\\/\\\/www.deliverea.com\\\/google-privacy-policy\\\/#breadcrumb\",\"itemListElement\":[{\"@type\":\"ListItem\",\"position\":1,\"name\":\"Home\",\"item\":\"https:\\\/\\\/www.deliverea.com\\\/it\\\/\"},{\"@type\":\"ListItem\",\"position\":2,\"name\":\"Informativa sulla privacy di Google\"}]},{\"@type\":\"WebSite\",\"@id\":\"https:\\\/\\\/www.deliverea.com\\\/#website\",\"url\":\"https:\\\/\\\/www.deliverea.com\\\/\",\"name\":\"Deliverea\",\"description\":\"Gesti\u00f3n de env\u00edos y devoluci\u00f3n\",\"publisher\":{\"@id\":\"https:\\\/\\\/www.deliverea.com\\\/#organization\"},\"potentialAction\":[{\"@type\":\"SearchAction\",\"target\":{\"@type\":\"EntryPoint\",\"urlTemplate\":\"https:\\\/\\\/www.deliverea.com\\\/?s={search_term_string}\"},\"query-input\":{\"@type\":\"PropertyValueSpecification\",\"valueRequired\":true,\"valueName\":\"search_term_string\"}}],\"inLanguage\":\"it-IT\"},{\"@type\":\"Organization\",\"@id\":\"https:\\\/\\\/www.deliverea.com\\\/#organization\",\"name\":\"Deliverea\",\"alternateName\":\"Deliverea\",\"url\":\"https:\\\/\\\/www.deliverea.com\\\/\",\"logo\":{\"@type\":\"ImageObject\",\"inLanguage\":\"it-IT\",\"@id\":\"https:\\\/\\\/www.deliverea.com\\\/#\\\/schema\\\/logo\\\/image\\\/\",\"url\":\"https:\\\/\\\/www.deliverea.com\\\/wp-content\\\/uploads\\\/2025\\\/12\\\/favicon-96x96-1.png\",\"contentUrl\":\"https:\\\/\\\/www.deliverea.com\\\/wp-content\\\/uploads\\\/2025\\\/12\\\/favicon-96x96-1.png\",\"width\":96,\"height\":96,\"caption\":\"Deliverea\"},\"image\":{\"@id\":\"https:\\\/\\\/www.deliverea.com\\\/#\\\/schema\\\/logo\\\/image\\\/\"},\"sameAs\":[\"https:\\\/\\\/www.linkedin.com\\\/company\\\/deliverea\\\/\"]}]}<\/script>\n<!-- \/ Yoast SEO plugin. -->","yoast_head_json":{"title":"Informativa sulla privacy di Google - Deliverea","robots":{"index":"noindex","follow":"follow"},"og_locale":"it_IT","og_type":"article","og_title":"Informativa sulla privacy di Google - Deliverea","og_description":"Deliverea utilizza i dati ottenuti dall&#8217;API di Google in conformit\u00e0 con l&#8217;Informativa sui dati degli utenti dei servizi API di Google. Uso consentito Con l&#8217;autorizzazione dell&#8217;utente, Google consente a Deliverea di utilizzare i dati di portata limitata, compresi i dati di Gmail, per fornire o migliorare le funzioni rivolte all&#8217;utente che sono in primo piano ... Leggi tutto","og_url":"https:\/\/www.deliverea.com\/google-privacy-policy\/","og_site_name":"Deliverea","og_image":[{"width":1649,"height":961,"url":"https:\/\/www.deliverea.com\/wp-content\/uploads\/2025\/12\/fondo__IA.webp","type":"image\/webp"}],"twitter_card":"summary_large_image","twitter_misc":{"Tempo di lettura stimato":"2 minuti"},"schema":{"@context":"https:\/\/schema.org","@graph":[{"@type":"WebPage","@id":"https:\/\/www.deliverea.com\/google-privacy-policy\/","url":"https:\/\/www.deliverea.com\/google-privacy-policy\/","name":"Informativa sulla privacy di Google - Deliverea","isPartOf":{"@id":"https:\/\/www.deliverea.com\/#website"},"datePublished":"2025-06-17T10:23:58+00:00","breadcrumb":{"@id":"https:\/\/www.deliverea.com\/google-privacy-policy\/#breadcrumb"},"inLanguage":"it-IT","potentialAction":[{"@type":"ReadAction","target":["https:\/\/www.deliverea.com\/google-privacy-policy\/"]}]},{"@type":"BreadcrumbList","@id":"https:\/\/www.deliverea.com\/google-privacy-policy\/#breadcrumb","itemListElement":[{"@type":"ListItem","position":1,"name":"Home","item":"https:\/\/www.deliverea.com\/it\/"},{"@type":"ListItem","position":2,"name":"Informativa sulla privacy di Google"}]},{"@type":"WebSite","@id":"https:\/\/www.deliverea.com\/#website","url":"https:\/\/www.deliverea.com\/","name":"Deliverea","description":"Gesti\u00f3n de env\u00edos y devoluci\u00f3n","publisher":{"@id":"https:\/\/www.deliverea.com\/#organization"},"potentialAction":[{"@type":"SearchAction","target":{"@type":"EntryPoint","urlTemplate":"https:\/\/www.deliverea.com\/?s={search_term_string}"},"query-input":{"@type":"PropertyValueSpecification","valueRequired":true,"valueName":"search_term_string"}}],"inLanguage":"it-IT"},{"@type":"Organization","@id":"https:\/\/www.deliverea.com\/#organization","name":"Deliverea","alternateName":"Deliverea","url":"https:\/\/www.deliverea.com\/","logo":{"@type":"ImageObject","inLanguage":"it-IT","@id":"https:\/\/www.deliverea.com\/#\/schema\/logo\/image\/","url":"https:\/\/www.deliverea.com\/wp-content\/uploads\/2025\/12\/favicon-96x96-1.png","contentUrl":"https:\/\/www.deliverea.com\/wp-content\/uploads\/2025\/12\/favicon-96x96-1.png","width":96,"height":96,"caption":"Deliverea"},"image":{"@id":"https:\/\/www.deliverea.com\/#\/schema\/logo\/image\/"},"sameAs":["https:\/\/www.linkedin.com\/company\/deliverea\/"]}]}},"_links":{"self":[{"href":"https:\/\/www.deliverea.com\/it\/wp-json\/wp\/v2\/pages\/19430","targetHints":{"allow":["GET"]}}],"collection":[{"href":"https:\/\/www.deliverea.com\/it\/wp-json\/wp\/v2\/pages"}],"about":[{"href":"https:\/\/www.deliverea.com\/it\/wp-json\/wp\/v2\/types\/page"}],"author":[{"embeddable":true,"href":"https:\/\/www.deliverea.com\/it\/wp-json\/wp\/v2\/users\/1"}],"replies":[{"embeddable":true,"href":"https:\/\/www.deliverea.com\/it\/wp-json\/wp\/v2\/comments?post=19430"}],"version-history":[{"count":0,"href":"https:\/\/www.deliverea.com\/it\/wp-json\/wp\/v2\/pages\/19430\/revisions"}],"wp:attachment":[{"href":"https:\/\/www.deliverea.com\/it\/wp-json\/wp\/v2\/media?parent=19430"}],"curies":[{"name":"wp","href":"https:\/\/api.w.org\/{rel}","templated":true}]}}