{"id":19411,"date":"2025-06-03T13:38:13","date_gmt":"2025-06-03T11:38:13","guid":{"rendered":"https:\/\/www.deliverea.com\/informativa-sulla-privacy\/"},"modified":"2025-06-03T13:38:13","modified_gmt":"2025-06-03T11:38:13","slug":"informativa-sulla-privacy","status":"publish","type":"page","link":"https:\/\/www.deliverea.com\/it\/informativa-sulla-privacy\/","title":{"rendered":"Informativa sulla privacy"},"content":{"rendered":"<h3>0. SCOPO E ACCETTAZIONE<\/h3>\n<p>Il Titolare del trattamento dei dati raccolti attraverso questo Sito \u00e8:<\/p>\n<p>Deliverea Shipping Solutions s.l. (di seguito, il &#8220;Responsabile&#8221;) con indirizzo in calle morales 21, 1L e contatto e-mail hello@deliverea.com.<\/p>\n<p>I dati personali forniti attraverso i moduli ospitati su uno qualsiasi dei sottodomini della piattaforma di DELIVEREA SHIPPING SOLUTIONS S.L. o attraverso l&#8217;integrazione con le API di DELIVEREA SHIPPING SOLUTIONS S.L. o con altri mezzi come il telefono o l&#8217;e-mail saranno trattati in modo confidenziale e saranno inseriti in un file di propriet\u00e0 di DELIVEREA SHIPPING SOLUTIONS S.L. che \u00e8 stato debitamente registrato presso l&#8217;Agenzia spagnola per la protezione dei dati (www.agpd.es). L&#8217;utilizzo delle informazioni fornite sar\u00e0: <\/p>\n<p>&nbsp;<\/p>\n<ol>\n<li>Per consentire il mantenimento, lo sviluppo e la gestione del rapporto commerciale formalizzato dalla contrattazione di prodotti e\/o servizi attraverso questo Sito web. I dati trattati per questa finalit\u00e0 saranno conservati per tutto il tempo in cui viene mantenuto il rapporto commerciale e, una volta terminato, per i periodi di conservazione e prescrizione delle responsabilit\u00e0 previsti dalla legge. <\/li>\n<li>Rispondere alle richieste di informazioni e\/o alle domande poste dall&#8217;Utente. I dati trattati per questa finalit\u00e0 saranno conservati per i periodi di conservazione e prescrizione previsti dalla legge. <\/li>\n<li>Per tenere l&#8217;Utente informato, anche per via elettronica, sui prodotti, i servizi e le novit\u00e0 del Titolare del trattamento. I dati trattati per questa finalit\u00e0 saranno conservati fino a quando l&#8217;Utente non ritirer\u00e0 il proprio consenso. Se l&#8217;Utente non acconsente al trattamento dei suoi dati per questa finalit\u00e0, deve spuntare la casella prevista a tale scopo sul Sito web.  <\/li>\n<li>In caso di invio di un CV tramite il presente Sito web, i dati forniti dall&#8217;Utente saranno trattati al fine di gestire la sua domanda di lavoro e, se del caso, per consentirgli di candidarsi a un posto di lavoro presso l&#8217;azienda del Responsabile. I dati trattati per questa finalit\u00e0 saranno conservati fino alla revoca del consenso da parte dell&#8217;Utente o fino a 24 mesi dopo la ricezione. <\/li>\n<\/ol>\n<h3>1. IDENTIFICAZIONE E COMUNICAZIONE<\/h3>\n<p>La base giuridica del trattamento dei dati personali \u00e8:<br \/>\na) nel caso in cui l&#8217;utente sia una persona fisica, il consenso e\/o l&#8217;esecuzione del contratto nel caso in cui l&#8217;interessato sia una parte del contratto, e<br \/>\nb) nel caso in cui l&#8217;utente rappresenti una persona giuridica, il consenso e\/o, in relazione ai dati delle persone di contatto, il legittimo interesse.<br \/>\nIn quest&#8217;ultimo caso, l&#8217;utente si impegna a informare i referenti del contenuto della presente clausola.<\/p>\n<p>I dati potranno essere comunicati ai seguenti soggetti terzi destinatari: Pubbliche Amministrazioni per l&#8217;adempimento di obblighi di legge. I dati potranno inoltre essere comunicati alle seguenti categorie di responsabili del trattamento: Fornitori di servizi di comunicazione elettronica e di office automation online, hosting, servizi SaaS quali CRM\/ERP, gestionali, contabili, di revisione e avvocati. Il Titolare del trattamento pu\u00f2 trasferire i dati personali a Responsabili del trattamento situati negli Stati Uniti d&#8217;America che aderiscono al Privacy Shield, che ha ottenuto una decisione di adeguatezza dalla Commissione Europea (Decisione di esecuzione (UE) 2016\/1250 della Commissione).  <\/p>\n<h3>2. CONDIZIONI DI ACCESSO E DI UTILIZZO<\/h3>\n<p>L&#8217;interessato potr\u00e0 in qualsiasi momento esercitare i propri diritti di accesso, rettifica, cancellazione, limitazione, opposizione o portabilit\u00e0 inviando un&#8217;e-mail a hello@deliverea.com o scrivendo al responsabile, Deliverea Shipping Solutions S.L. RIF.: PROTECCION DE DATOS, C\/ Morales 21, 1\u00baL, 08029 Barcellona. Nel caso di trattamenti la cui legittimit\u00e0 sia basata sul consenso, l&#8217;Utente ha il diritto di revocare tale consenso in qualsiasi momento. L&#8217;interessato ha il diritto di presentare un reclamo all&#8217;autorit\u00e0 di controllo. Ti informiamo che il mancato conferimento dei dati richiesti pu\u00f2 comportare l&#8217;impossibilit\u00e0 di formalizzare o adempiere all&#8217;oggetto del contratto.<\/p>\n<h3>3. MECCANISMI DI PROTEZIONE DEI DATI SENSIBILI<\/h3>\n<p>Deliverea archivia i dati delle applicazioni in istanze di AWS Ireland, dove si applicano le leggi sulla protezione dei dati dell&#8217;Irlanda e dell&#8217;Unione Europea (Informativa sulla privacy di AWS: https:\/\/aws.amazon.com\/es\/privacy\/).<\/p>\n<ol>\n<li>I dati sensibili degli utenti vengono archiviati in modo criptato nei database AWS.<\/li>\n<li>Le comunicazioni da e verso l&#8217;applicazione sono sempre crittografate, comprese le query API, da browser o applicazioni, nonch\u00e9 l&#8217;invio e la richiesta di email IMAP\/SMTP (SSL\/TLS).<\/li>\n<\/ol>\n<h3><\/h3>\n<h3><b>Informativa sulla privacy di Google<\/b><\/h3>\n<p>Deliverea utilizza i dati ottenuti dall&#8217;API di Google in conformit\u00e0 con l&#8217;Informativa sui dati degli utenti dei servizi API di Google.<\/p>\n<p><b>Uso consentito<\/b><\/p>\n<p>Con l&#8217;autorizzazione dell&#8217;utente, Google consente a Deliverea di utilizzare dati di portata limitata, compresi i dati di Gmail, per fornire o migliorare le funzionalit\u00e0 evidenziate nell&#8217;applicazione Deliverea.<\/p>\n<p>I dati degli utenti a cui si accede e il loro scopo<\/p>\n<ul>\n<li>Email, lingua preferita e immagine del profilo per il login tramite i servizi OAuth di Google.<\/li>\n<li>Lo strumento di biglietteria centralizzata del vettore di Deliverea, con il tuo consenso, pu\u00f2:\n<ul>\n<li>inviare e-mail per conto dell&#8217;utente su sua richiesta.<\/li>\n<li>leggere le tue e-mail. L&#8217;ambito di applicazione sar\u00e0 limitato ai messaggi di posta elettronica aperti inizialmente attraverso la piattaforma Deliverea. <\/li>\n<\/ul>\n<\/li>\n<\/ul>\n<p><b>Trasferimento consentito<\/b><\/p>\n<p>Secondo Google, Deliverea trasferir\u00e0 i dati riservati all&#8217;esterno dell&#8217;azienda solo se tale trasferimento di dati \u00e8 necessario per:<\/p>\n<ul>\n<li>Fornire o migliorare le funzioni rivolte all&#8217;utente che sono in primo piano nell&#8217;interfaccia di Deliverea,<\/li>\n<li>per rispettare le leggi vigenti, o<\/li>\n<li>rilascio nell&#8217;ambito di una fusione, acquisizione o vendita di beni.<\/li>\n<\/ul>\n<p>Qualsiasi altro trasferimento o vendita dei dati dell&#8217;utente \u00e8 assolutamente vietato.<\/p>\n<p><b>Pubblicit\u00e0 vietata<\/b><\/p>\n<p>Deliverea non utilizzer\u00e0 o trasferir\u00e0 mai dati di portata limitata per servire pubblicit\u00e0 agli utenti. Ci\u00f2 include la pubblicit\u00e0 personalizzata, mirata e basata sugli interessi. <\/p>\n<p><b>Interazione vietata<\/b><\/p>\n<p>Secondo Google, Deliverea impedisce agli esseri umani di leggere i dati riservati degli utenti. Ad esempio, viene utilizzato per estrarre le email dell&#8217;utente e inviarle per suo conto. I dipendenti di Deliverea non saranno mai in grado di leggere i messaggi Gmail di un utente, a meno che:  <\/p>\n<p>L&#8217;utente accetta di condividere messaggi specifici per scopi di assistenza, o se \u00e8 necessario per motivi di sicurezza, o se \u00e8 necessario per conformarsi alle leggi vigenti, o se sono aggregati e resi anonimi per scopi operativi interni.<\/p>\n<p><b>Consenso<\/b><\/p>\n<p>Google non ti permette di acconsentire alla condivisione dei tuoi dati con i partner.<\/p>\n","protected":false},"excerpt":{"rendered":"<p>0. SCOPO E ACCETTAZIONE Il Titolare del trattamento dei dati raccolti attraverso questo Sito \u00e8: Deliverea Shipping Solutions s.l. (di seguito, il &#8220;Responsabile&#8221;) con indirizzo in calle morales 21, 1L e contatto e-mail hello@deliverea.com. I dati personali forniti attraverso i moduli ospitati su uno qualsiasi dei sottodomini della piattaforma di DELIVEREA SHIPPING SOLUTIONS S.L. o &#8230; <a title=\"Informativa sulla privacy\" class=\"read-more\" href=\"https:\/\/www.deliverea.com\/it\/informativa-sulla-privacy\/\" aria-label=\"Per saperne di pi\u00f9 su Informativa sulla privacy\">Leggi tutto<\/a><\/p>\n","protected":false},"author":1,"featured_media":0,"parent":0,"menu_order":0,"comment_status":"closed","ping_status":"closed","template":"page-legal.php","meta":{"_acf_changed":false,"inline_featured_image":false,"footnotes":""},"class_list":["post-19411","page","type-page","status-publish"],"acf":[],"yoast_head":"<!-- This site is optimized with the Yoast SEO plugin v27.5 - https:\/\/yoast.com\/product\/yoast-seo-wordpress\/ -->\n<title>Informativa sulla privacy - Deliverea<\/title>\n<meta name=\"robots\" content=\"noindex, follow\" \/>\n<meta property=\"og:locale\" content=\"it_IT\" \/>\n<meta property=\"og:type\" content=\"article\" \/>\n<meta property=\"og:title\" content=\"Informativa sulla privacy - Deliverea\" \/>\n<meta property=\"og:description\" content=\"0. SCOPO E ACCETTAZIONE Il Titolare del trattamento dei dati raccolti attraverso questo Sito \u00e8: Deliverea Shipping Solutions s.l. (di seguito, il &#8220;Responsabile&#8221;) con indirizzo in calle morales 21, 1L e contatto e-mail hello@deliverea.com. I dati personali forniti attraverso i moduli ospitati su uno qualsiasi dei sottodomini della piattaforma di DELIVEREA SHIPPING SOLUTIONS S.L. o ... Leggi tutto\" \/>\n<meta property=\"og:url\" content=\"https:\/\/www.deliverea.com\/politica-de-privacidad\/\" \/>\n<meta property=\"og:site_name\" content=\"Deliverea\" \/>\n<meta property=\"og:image\" content=\"https:\/\/www.deliverea.com\/wp-content\/uploads\/2025\/12\/fondo__IA.webp\" \/>\n\t<meta property=\"og:image:width\" content=\"1649\" \/>\n\t<meta property=\"og:image:height\" content=\"961\" \/>\n\t<meta property=\"og:image:type\" content=\"image\/webp\" \/>\n<meta name=\"twitter:card\" content=\"summary_large_image\" \/>\n<meta name=\"twitter:label1\" content=\"Tempo di lettura stimato\" \/>\n\t<meta name=\"twitter:data1\" content=\"5 minuti\" \/>\n<script type=\"application\/ld+json\" class=\"yoast-schema-graph\">{\"@context\":\"https:\\\/\\\/schema.org\",\"@graph\":[{\"@type\":\"WebPage\",\"@id\":\"https:\\\/\\\/www.deliverea.com\\\/politica-de-privacidad\\\/\",\"url\":\"https:\\\/\\\/www.deliverea.com\\\/politica-de-privacidad\\\/\",\"name\":\"Informativa sulla privacy - Deliverea\",\"isPartOf\":{\"@id\":\"https:\\\/\\\/www.deliverea.com\\\/#website\"},\"datePublished\":\"2025-06-03T11:38:13+00:00\",\"breadcrumb\":{\"@id\":\"https:\\\/\\\/www.deliverea.com\\\/politica-de-privacidad\\\/#breadcrumb\"},\"inLanguage\":\"it-IT\",\"potentialAction\":[{\"@type\":\"ReadAction\",\"target\":[\"https:\\\/\\\/www.deliverea.com\\\/politica-de-privacidad\\\/\"]}]},{\"@type\":\"BreadcrumbList\",\"@id\":\"https:\\\/\\\/www.deliverea.com\\\/politica-de-privacidad\\\/#breadcrumb\",\"itemListElement\":[{\"@type\":\"ListItem\",\"position\":1,\"name\":\"Home\",\"item\":\"https:\\\/\\\/www.deliverea.com\\\/it\\\/\"},{\"@type\":\"ListItem\",\"position\":2,\"name\":\"Informativa sulla privacy\"}]},{\"@type\":\"WebSite\",\"@id\":\"https:\\\/\\\/www.deliverea.com\\\/#website\",\"url\":\"https:\\\/\\\/www.deliverea.com\\\/\",\"name\":\"Deliverea\",\"description\":\"Gesti\u00f3n de env\u00edos y devoluci\u00f3n\",\"publisher\":{\"@id\":\"https:\\\/\\\/www.deliverea.com\\\/#organization\"},\"potentialAction\":[{\"@type\":\"SearchAction\",\"target\":{\"@type\":\"EntryPoint\",\"urlTemplate\":\"https:\\\/\\\/www.deliverea.com\\\/?s={search_term_string}\"},\"query-input\":{\"@type\":\"PropertyValueSpecification\",\"valueRequired\":true,\"valueName\":\"search_term_string\"}}],\"inLanguage\":\"it-IT\"},{\"@type\":\"Organization\",\"@id\":\"https:\\\/\\\/www.deliverea.com\\\/#organization\",\"name\":\"Deliverea\",\"alternateName\":\"Deliverea\",\"url\":\"https:\\\/\\\/www.deliverea.com\\\/\",\"logo\":{\"@type\":\"ImageObject\",\"inLanguage\":\"it-IT\",\"@id\":\"https:\\\/\\\/www.deliverea.com\\\/#\\\/schema\\\/logo\\\/image\\\/\",\"url\":\"https:\\\/\\\/www.deliverea.com\\\/wp-content\\\/uploads\\\/2025\\\/12\\\/favicon-96x96-1.png\",\"contentUrl\":\"https:\\\/\\\/www.deliverea.com\\\/wp-content\\\/uploads\\\/2025\\\/12\\\/favicon-96x96-1.png\",\"width\":96,\"height\":96,\"caption\":\"Deliverea\"},\"image\":{\"@id\":\"https:\\\/\\\/www.deliverea.com\\\/#\\\/schema\\\/logo\\\/image\\\/\"},\"sameAs\":[\"https:\\\/\\\/www.linkedin.com\\\/company\\\/deliverea\\\/\"]}]}<\/script>\n<!-- \/ Yoast SEO plugin. -->","yoast_head_json":{"title":"Informativa sulla privacy - Deliverea","robots":{"index":"noindex","follow":"follow"},"og_locale":"it_IT","og_type":"article","og_title":"Informativa sulla privacy - Deliverea","og_description":"0. SCOPO E ACCETTAZIONE Il Titolare del trattamento dei dati raccolti attraverso questo Sito \u00e8: Deliverea Shipping Solutions s.l. (di seguito, il &#8220;Responsabile&#8221;) con indirizzo in calle morales 21, 1L e contatto e-mail hello@deliverea.com. I dati personali forniti attraverso i moduli ospitati su uno qualsiasi dei sottodomini della piattaforma di DELIVEREA SHIPPING SOLUTIONS S.L. o ... Leggi tutto","og_url":"https:\/\/www.deliverea.com\/politica-de-privacidad\/","og_site_name":"Deliverea","og_image":[{"width":1649,"height":961,"url":"https:\/\/www.deliverea.com\/wp-content\/uploads\/2025\/12\/fondo__IA.webp","type":"image\/webp"}],"twitter_card":"summary_large_image","twitter_misc":{"Tempo di lettura stimato":"5 minuti"},"schema":{"@context":"https:\/\/schema.org","@graph":[{"@type":"WebPage","@id":"https:\/\/www.deliverea.com\/politica-de-privacidad\/","url":"https:\/\/www.deliverea.com\/politica-de-privacidad\/","name":"Informativa sulla privacy - Deliverea","isPartOf":{"@id":"https:\/\/www.deliverea.com\/#website"},"datePublished":"2025-06-03T11:38:13+00:00","breadcrumb":{"@id":"https:\/\/www.deliverea.com\/politica-de-privacidad\/#breadcrumb"},"inLanguage":"it-IT","potentialAction":[{"@type":"ReadAction","target":["https:\/\/www.deliverea.com\/politica-de-privacidad\/"]}]},{"@type":"BreadcrumbList","@id":"https:\/\/www.deliverea.com\/politica-de-privacidad\/#breadcrumb","itemListElement":[{"@type":"ListItem","position":1,"name":"Home","item":"https:\/\/www.deliverea.com\/it\/"},{"@type":"ListItem","position":2,"name":"Informativa sulla privacy"}]},{"@type":"WebSite","@id":"https:\/\/www.deliverea.com\/#website","url":"https:\/\/www.deliverea.com\/","name":"Deliverea","description":"Gesti\u00f3n de env\u00edos y devoluci\u00f3n","publisher":{"@id":"https:\/\/www.deliverea.com\/#organization"},"potentialAction":[{"@type":"SearchAction","target":{"@type":"EntryPoint","urlTemplate":"https:\/\/www.deliverea.com\/?s={search_term_string}"},"query-input":{"@type":"PropertyValueSpecification","valueRequired":true,"valueName":"search_term_string"}}],"inLanguage":"it-IT"},{"@type":"Organization","@id":"https:\/\/www.deliverea.com\/#organization","name":"Deliverea","alternateName":"Deliverea","url":"https:\/\/www.deliverea.com\/","logo":{"@type":"ImageObject","inLanguage":"it-IT","@id":"https:\/\/www.deliverea.com\/#\/schema\/logo\/image\/","url":"https:\/\/www.deliverea.com\/wp-content\/uploads\/2025\/12\/favicon-96x96-1.png","contentUrl":"https:\/\/www.deliverea.com\/wp-content\/uploads\/2025\/12\/favicon-96x96-1.png","width":96,"height":96,"caption":"Deliverea"},"image":{"@id":"https:\/\/www.deliverea.com\/#\/schema\/logo\/image\/"},"sameAs":["https:\/\/www.linkedin.com\/company\/deliverea\/"]}]}},"_links":{"self":[{"href":"https:\/\/www.deliverea.com\/it\/wp-json\/wp\/v2\/pages\/19411","targetHints":{"allow":["GET"]}}],"collection":[{"href":"https:\/\/www.deliverea.com\/it\/wp-json\/wp\/v2\/pages"}],"about":[{"href":"https:\/\/www.deliverea.com\/it\/wp-json\/wp\/v2\/types\/page"}],"author":[{"embeddable":true,"href":"https:\/\/www.deliverea.com\/it\/wp-json\/wp\/v2\/users\/1"}],"replies":[{"embeddable":true,"href":"https:\/\/www.deliverea.com\/it\/wp-json\/wp\/v2\/comments?post=19411"}],"version-history":[{"count":0,"href":"https:\/\/www.deliverea.com\/it\/wp-json\/wp\/v2\/pages\/19411\/revisions"}],"wp:attachment":[{"href":"https:\/\/www.deliverea.com\/it\/wp-json\/wp\/v2\/media?parent=19411"}],"curies":[{"name":"wp","href":"https:\/\/api.w.org\/{rel}","templated":true}]}}