{"id":19402,"date":"2025-06-03T13:38:34","date_gmt":"2025-06-03T11:38:34","guid":{"rendered":"https:\/\/www.deliverea.com\/informativa-sui-cookie\/"},"modified":"2025-06-03T13:38:34","modified_gmt":"2025-06-03T11:38:34","slug":"informativa-sui-cookie","status":"publish","type":"page","link":"https:\/\/www.deliverea.com\/it\/informativa-sui-cookie\/","title":{"rendered":"Informativa sui cookie"},"content":{"rendered":"<p>DELIVEREA SHIPPING SOLUTIONS S.L. informa sull&#8217;uso dei cookie sul suo sito web: https:\/\/www.deliverea.com\/<\/p>\n<p><strong>Cosa sono i biscotti?<\/strong><\/p>\n<p>I cookie sono file che possono essere scaricati sul tuo computer dai siti web. Sono strumenti che svolgono un ruolo essenziale nella fornitura di molti servizi della societ\u00e0 dell&#8217;informazione. Tra l&#8217;altro, consentono a un sito web di memorizzare e recuperare informazioni sulle abitudini di navigazione di un utente o sulle sue apparecchiature e, a seconda delle informazioni ottenute, possono essere utilizzate per riconoscere l&#8217;utente e migliorare il servizio offerto.<\/p>\n<p><strong>Tipi di cookie<\/strong><br \/>\nA seconda dell&#8217;entit\u00e0 che gestisce il dominio da cui vengono inviati i cookie ed elabora i dati ottenuti, si possono distinguere due tipi:<\/p>\n<ul>\n<li>Cookie propri: quelli che vengono inviati al terminale dell&#8217;utente da un computer o da un dominio gestito dall&#8217;editore stesso e dal quale viene fornito il servizio richiesto dall&#8217;utente.<\/li>\n<li>Cookie di terze parti: quelli che vengono inviati al terminale dell&#8217;utente da un computer o da un dominio non gestito dall&#8217;editore, ma da un&#8217;altra entit\u00e0 che elabora i dati ottenuti attraverso i cookie.<\/li>\n<\/ul>\n<p>Nel caso in cui i cookie siano installati da un computer o da un dominio gestito dall&#8217;editore stesso ma le informazioni raccolte attraverso di essi siano gestite da una terza parte, non possono essere considerati come cookie propri.<\/p>\n<p>Esiste anche una seconda classificazione in base al tempo di permanenza nel browser del cliente:<\/p>\n<ul>\n<li>Cookie di sessione: progettati per raccogliere e memorizzare i dati durante l&#8217;accesso dell&#8217;utente a una pagina web. Di solito vengono utilizzati per memorizzare informazioni che sono rilevanti solo per la fornitura del servizio richiesto dall&#8217;utente in una singola occasione (ad esempio, un elenco di prodotti acquistati).<\/li>\n<li>Cookie persistenti: i dati rimangono memorizzati nel terminale e possono essere consultati ed elaborati per un periodo definito dalla parte responsabile del cookie, che pu\u00f2 variare da pochi minuti a diversi anni.<\/li>\n<\/ul>\n<p>Infine, esiste un&#8217;altra classificazione con cinque tipi di cookie a seconda dello scopo per cui vengono elaborati i dati ottenuti:<\/p>\n<ul>\n<li>Cookie tecnici: quelli che permettono all&#8217;utente di navigare su un sito web, una piattaforma o un&#8217;applicazione e di utilizzare le diverse opzioni o i servizi presenti su di essa, come, ad esempio, il controllo del traffico e della comunicazione dei dati, l&#8217;identificazione della sessione, l&#8217;accesso alle aree ad accesso limitato, la memorizzazione degli elementi che compongono un ordine, l&#8217;esecuzione del processo di acquisto di un ordine, la richiesta di registrazione o la partecipazione a un evento, l&#8217;utilizzo di elementi di sicurezza durante la navigazione, la memorizzazione di contenuti per la trasmissione di video o audio o la condivisione di contenuti attraverso i social network.<\/li>\n<li>Cookie di personalizzazione: consentono all&#8217;utente di accedere al servizio con alcune caratteristiche generali predefinite in base a una serie di criteri presenti nel terminale dell&#8217;utente, come la lingua, il tipo di browser utilizzato per accedere al servizio, la configurazione regionale da cui si accede al servizio, ecc.<\/li>\n<li>Cookie di analisi: consentono al responsabile di monitorare e analizzare il comportamento degli utenti di<br \/>\nsui siti web a cui sono collegati. Le informazioni raccolte attraverso questo tipo di cookie sono<br \/>\nutilizzate per misurare l&#8217;attivit\u00e0 dei siti web, delle applicazioni o delle piattaforme e per creare profili<br \/>\ndi navigazione degli utenti di tali siti, applicazioni e piattaforme, al fine di introdurre miglioramenti in<br \/>\nbase all&#8217;analisi dei dati sull&#8217;utilizzo da parte degli utenti del servizio.<\/li>\n<li>  Cookie pubblicitari: consentono di gestire gli spazi pubblicitari nel modo pi\u00f9 efficiente possibile.<\/li>\n<li>Cookie di pubblicit\u00e0 comportamentale: memorizzano informazioni sul comportamento degli utenti ottenute da<br \/>\nattraverso l&#8217;osservazione continua delle loro abitudini di navigazione, che consentono di sviluppare un profilo specifico<br \/>\nper mostrare pubblicit\u00e0 basata sullo stesso.<\/li>\n<li>  Cookie di social network esterni: sono utilizzati per consentire ai visitatori di interagire con i contenuti di<br \/>\ndiverse piattaforme sociali (facebook, youtube, twitter, linkedIn, ecc.) e sono generati esclusivamente per gli utenti di<br \/>\ndi questi social network. Le condizioni di utilizzo di questi cookie e le informazioni raccolte<br \/>\nsono regolate dall&#8217;informativa sulla privacy della piattaforma sociale corrispondente.<\/li>\n<\/ul>\n<p>2. CONDIZIONI DI ACCESSO E DI UTILIZZO<\/p>\n<p>Disabilitare e cancellare i cookie<\/p>\n<p>Hai la possibilit\u00e0 di consentire, bloccare o eliminare i cookie installati sul tuo computer configurando le opzioni del browser installato sul tuo computer. Disabilitando i cookie, alcuni dei servizi disponibili potrebbero non essere pi\u00f9 operativi. Il modo per disabilitare i cookie \u00e8 diverso per ogni browser, ma di solito si pu\u00f2 fare dal menu Strumenti o Opzioni. Puoi anche consultare il menu Aiuto del browser dove troverai le istruzioni. L&#8217;utente pu\u00f2 scegliere in qualsiasi momento quali cookie utilizzare su questo sito web.<\/p>\n<p>Microsoft Internet Explorer o Microsoft Edge:<\/p>\n<ul>\n<li>http:\/\/windows.microsoft.com\/es-es\/windows-vista\/Block-or-allow-cookies<\/li>\n<li>Mozilla Firefox: http:\/\/support.mozilla.org\/es\/kb\/impedir-que-los-sitios-web-guarden-sus-preferencia<\/li>\n<li>Cromo: https:\/\/support.google.com\/accounts\/answer\/61416?hl=es<\/li>\n<li>Safari: http:\/\/safari.helpmax.net\/es\/privacidad-y-seguridad\/como-gestionar-las-cookies\/<\/li>\n<li>Opera: http:\/\/help.opera.com\/Linux\/10.60\/es-ES\/cookies.html<\/li>\n<\/ul>\n<p>&nbsp;<\/p>\n<p>Inoltre, puoi gestire la memorizzazione dei cookie nel tuo browser utilizzando strumenti come i seguenti:<\/p>\n<ul>\n<li>Ghostery:<\/li>\n<li>www.ghostery.com\/<\/li>\n<li>Le tue scelte online: www.youronlinechoices.com\/es\/<\/li>\n<\/ul>\n<p>Cookie utilizzati su https:\/\/www.deliverea.com\/<br \/>\nAccettazione della Politica sui Cookie<br \/>\nhttps:\/\/www.deliverea.com\/asume che accetti l&#8217;uso dei cookie. Tuttavia, ad ogni accesso, visualizza le informazioni sulla sua Politica sui Cookie nella parte inferiore o superiore di qualsiasi pagina del portale, in modo che l&#8217;utente ne sia consapevole.<br \/>\nAlla luce di queste informazioni, \u00e8 possibile intraprendere le seguenti azioni:<\/p>\n<ul>\n<li>Accetta i cookie. Questo avviso non verr\u00e0 pi\u00f9 visualizzato quando si accede a qualsiasi pagina del portale durante la sessione corrente.<\/li>\n<li>Chiudi. L&#8217;avviso \u00e8 nascosto in questa pagina.<\/li>\n<li>Modifica la tua configurazione. Puoi saperne di pi\u00f9 su cosa sono i cookie, conoscere la Politica sui cookie di https:\/\/www.deliverea.com\/ e modificare le impostazioni del tuo browser.<\/li>\n<\/ul>\n","protected":false},"excerpt":{"rendered":"<p>DELIVEREA SHIPPING SOLUTIONS S.L. informa sull&#8217;uso dei cookie sul suo sito web: https:\/\/www.deliverea.com\/ Cosa sono i biscotti? I cookie sono file che possono essere scaricati sul tuo computer dai siti web. Sono strumenti che svolgono un ruolo essenziale nella fornitura di molti servizi della societ\u00e0 dell&#8217;informazione. Tra l&#8217;altro, consentono a un sito web di memorizzare &#8230; <a title=\"Informativa sui cookie\" class=\"read-more\" href=\"https:\/\/www.deliverea.com\/it\/informativa-sui-cookie\/\" aria-label=\"Per saperne di pi\u00f9 su Informativa sui cookie\">Leggi tutto<\/a><\/p>\n","protected":false},"author":1,"featured_media":0,"parent":0,"menu_order":0,"comment_status":"closed","ping_status":"closed","template":"page-legal.php","meta":{"_acf_changed":false,"inline_featured_image":false,"footnotes":""},"class_list":["post-19402","page","type-page","status-publish"],"acf":[],"yoast_head":"<!-- This site is optimized with the Yoast SEO plugin v27.5 - https:\/\/yoast.com\/product\/yoast-seo-wordpress\/ -->\n<title>Informativa sui cookie - Deliverea<\/title>\n<meta name=\"robots\" content=\"noindex, follow\" \/>\n<meta property=\"og:locale\" content=\"it_IT\" \/>\n<meta property=\"og:type\" content=\"article\" \/>\n<meta property=\"og:title\" content=\"Informativa sui cookie - Deliverea\" \/>\n<meta property=\"og:description\" content=\"DELIVEREA SHIPPING SOLUTIONS S.L. informa sull&#8217;uso dei cookie sul suo sito web: https:\/\/www.deliverea.com\/ Cosa sono i biscotti? I cookie sono file che possono essere scaricati sul tuo computer dai siti web. Sono strumenti che svolgono un ruolo essenziale nella fornitura di molti servizi della societ\u00e0 dell&#8217;informazione. Tra l&#8217;altro, consentono a un sito web di memorizzare ... Leggi tutto\" \/>\n<meta property=\"og:url\" content=\"https:\/\/www.deliverea.com\/politica-de-cookies\/\" \/>\n<meta property=\"og:site_name\" content=\"Deliverea\" \/>\n<meta property=\"og:image\" content=\"https:\/\/www.deliverea.com\/wp-content\/uploads\/2025\/12\/fondo__IA.webp\" \/>\n\t<meta property=\"og:image:width\" content=\"1649\" \/>\n\t<meta property=\"og:image:height\" content=\"961\" \/>\n\t<meta property=\"og:image:type\" content=\"image\/webp\" \/>\n<meta name=\"twitter:card\" content=\"summary_large_image\" \/>\n<meta name=\"twitter:label1\" content=\"Tempo di lettura stimato\" \/>\n\t<meta name=\"twitter:data1\" content=\"5 minuti\" \/>\n<script type=\"application\/ld+json\" class=\"yoast-schema-graph\">{\"@context\":\"https:\\\/\\\/schema.org\",\"@graph\":[{\"@type\":\"WebPage\",\"@id\":\"https:\\\/\\\/www.deliverea.com\\\/politica-de-cookies\\\/\",\"url\":\"https:\\\/\\\/www.deliverea.com\\\/politica-de-cookies\\\/\",\"name\":\"Informativa sui cookie - Deliverea\",\"isPartOf\":{\"@id\":\"https:\\\/\\\/www.deliverea.com\\\/#website\"},\"datePublished\":\"2025-06-03T11:38:34+00:00\",\"breadcrumb\":{\"@id\":\"https:\\\/\\\/www.deliverea.com\\\/politica-de-cookies\\\/#breadcrumb\"},\"inLanguage\":\"it-IT\",\"potentialAction\":[{\"@type\":\"ReadAction\",\"target\":[\"https:\\\/\\\/www.deliverea.com\\\/politica-de-cookies\\\/\"]}]},{\"@type\":\"BreadcrumbList\",\"@id\":\"https:\\\/\\\/www.deliverea.com\\\/politica-de-cookies\\\/#breadcrumb\",\"itemListElement\":[{\"@type\":\"ListItem\",\"position\":1,\"name\":\"Home\",\"item\":\"https:\\\/\\\/www.deliverea.com\\\/it\\\/\"},{\"@type\":\"ListItem\",\"position\":2,\"name\":\"Informativa sui cookie\"}]},{\"@type\":\"WebSite\",\"@id\":\"https:\\\/\\\/www.deliverea.com\\\/#website\",\"url\":\"https:\\\/\\\/www.deliverea.com\\\/\",\"name\":\"Deliverea\",\"description\":\"Gesti\u00f3n de env\u00edos y devoluci\u00f3n\",\"publisher\":{\"@id\":\"https:\\\/\\\/www.deliverea.com\\\/#organization\"},\"potentialAction\":[{\"@type\":\"SearchAction\",\"target\":{\"@type\":\"EntryPoint\",\"urlTemplate\":\"https:\\\/\\\/www.deliverea.com\\\/?s={search_term_string}\"},\"query-input\":{\"@type\":\"PropertyValueSpecification\",\"valueRequired\":true,\"valueName\":\"search_term_string\"}}],\"inLanguage\":\"it-IT\"},{\"@type\":\"Organization\",\"@id\":\"https:\\\/\\\/www.deliverea.com\\\/#organization\",\"name\":\"Deliverea\",\"alternateName\":\"Deliverea\",\"url\":\"https:\\\/\\\/www.deliverea.com\\\/\",\"logo\":{\"@type\":\"ImageObject\",\"inLanguage\":\"it-IT\",\"@id\":\"https:\\\/\\\/www.deliverea.com\\\/#\\\/schema\\\/logo\\\/image\\\/\",\"url\":\"https:\\\/\\\/www.deliverea.com\\\/wp-content\\\/uploads\\\/2025\\\/12\\\/favicon-96x96-1.png\",\"contentUrl\":\"https:\\\/\\\/www.deliverea.com\\\/wp-content\\\/uploads\\\/2025\\\/12\\\/favicon-96x96-1.png\",\"width\":96,\"height\":96,\"caption\":\"Deliverea\"},\"image\":{\"@id\":\"https:\\\/\\\/www.deliverea.com\\\/#\\\/schema\\\/logo\\\/image\\\/\"},\"sameAs\":[\"https:\\\/\\\/www.linkedin.com\\\/company\\\/deliverea\\\/\"]}]}<\/script>\n<!-- \/ Yoast SEO plugin. -->","yoast_head_json":{"title":"Informativa sui cookie - Deliverea","robots":{"index":"noindex","follow":"follow"},"og_locale":"it_IT","og_type":"article","og_title":"Informativa sui cookie - Deliverea","og_description":"DELIVEREA SHIPPING SOLUTIONS S.L. informa sull&#8217;uso dei cookie sul suo sito web: https:\/\/www.deliverea.com\/ Cosa sono i biscotti? I cookie sono file che possono essere scaricati sul tuo computer dai siti web. Sono strumenti che svolgono un ruolo essenziale nella fornitura di molti servizi della societ\u00e0 dell&#8217;informazione. Tra l&#8217;altro, consentono a un sito web di memorizzare ... Leggi tutto","og_url":"https:\/\/www.deliverea.com\/politica-de-cookies\/","og_site_name":"Deliverea","og_image":[{"width":1649,"height":961,"url":"https:\/\/www.deliverea.com\/wp-content\/uploads\/2025\/12\/fondo__IA.webp","type":"image\/webp"}],"twitter_card":"summary_large_image","twitter_misc":{"Tempo di lettura stimato":"5 minuti"},"schema":{"@context":"https:\/\/schema.org","@graph":[{"@type":"WebPage","@id":"https:\/\/www.deliverea.com\/politica-de-cookies\/","url":"https:\/\/www.deliverea.com\/politica-de-cookies\/","name":"Informativa sui cookie - Deliverea","isPartOf":{"@id":"https:\/\/www.deliverea.com\/#website"},"datePublished":"2025-06-03T11:38:34+00:00","breadcrumb":{"@id":"https:\/\/www.deliverea.com\/politica-de-cookies\/#breadcrumb"},"inLanguage":"it-IT","potentialAction":[{"@type":"ReadAction","target":["https:\/\/www.deliverea.com\/politica-de-cookies\/"]}]},{"@type":"BreadcrumbList","@id":"https:\/\/www.deliverea.com\/politica-de-cookies\/#breadcrumb","itemListElement":[{"@type":"ListItem","position":1,"name":"Home","item":"https:\/\/www.deliverea.com\/it\/"},{"@type":"ListItem","position":2,"name":"Informativa sui cookie"}]},{"@type":"WebSite","@id":"https:\/\/www.deliverea.com\/#website","url":"https:\/\/www.deliverea.com\/","name":"Deliverea","description":"Gesti\u00f3n de env\u00edos y devoluci\u00f3n","publisher":{"@id":"https:\/\/www.deliverea.com\/#organization"},"potentialAction":[{"@type":"SearchAction","target":{"@type":"EntryPoint","urlTemplate":"https:\/\/www.deliverea.com\/?s={search_term_string}"},"query-input":{"@type":"PropertyValueSpecification","valueRequired":true,"valueName":"search_term_string"}}],"inLanguage":"it-IT"},{"@type":"Organization","@id":"https:\/\/www.deliverea.com\/#organization","name":"Deliverea","alternateName":"Deliverea","url":"https:\/\/www.deliverea.com\/","logo":{"@type":"ImageObject","inLanguage":"it-IT","@id":"https:\/\/www.deliverea.com\/#\/schema\/logo\/image\/","url":"https:\/\/www.deliverea.com\/wp-content\/uploads\/2025\/12\/favicon-96x96-1.png","contentUrl":"https:\/\/www.deliverea.com\/wp-content\/uploads\/2025\/12\/favicon-96x96-1.png","width":96,"height":96,"caption":"Deliverea"},"image":{"@id":"https:\/\/www.deliverea.com\/#\/schema\/logo\/image\/"},"sameAs":["https:\/\/www.linkedin.com\/company\/deliverea\/"]}]}},"_links":{"self":[{"href":"https:\/\/www.deliverea.com\/it\/wp-json\/wp\/v2\/pages\/19402","targetHints":{"allow":["GET"]}}],"collection":[{"href":"https:\/\/www.deliverea.com\/it\/wp-json\/wp\/v2\/pages"}],"about":[{"href":"https:\/\/www.deliverea.com\/it\/wp-json\/wp\/v2\/types\/page"}],"author":[{"embeddable":true,"href":"https:\/\/www.deliverea.com\/it\/wp-json\/wp\/v2\/users\/1"}],"replies":[{"embeddable":true,"href":"https:\/\/www.deliverea.com\/it\/wp-json\/wp\/v2\/comments?post=19402"}],"version-history":[{"count":0,"href":"https:\/\/www.deliverea.com\/it\/wp-json\/wp\/v2\/pages\/19402\/revisions"}],"wp:attachment":[{"href":"https:\/\/www.deliverea.com\/it\/wp-json\/wp\/v2\/media?parent=19402"}],"curies":[{"name":"wp","href":"https:\/\/api.w.org\/{rel}","templated":true}]}}