{"id":19641,"date":"2025-06-17T12:23:58","date_gmt":"2025-06-17T10:23:58","guid":{"rendered":"https:\/\/www.deliverea.com\/google-privacy-policy\/"},"modified":"2025-06-17T12:23:58","modified_gmt":"2025-06-17T10:23:58","slug":"google-privacy-policy","status":"publish","type":"page","link":"https:\/\/www.deliverea.com\/en\/google-privacy-policy\/","title":{"rendered":"Google privacy policy"},"content":{"rendered":"<p>Deliverea uses data obtained from the Google API in compliance with the Google API Services User Data Policy.<\/p>\n<h3>Allowed Use<\/h3>\n<p>With your permission Google allows Deliverea to utilize the restricted scope data, including Gmail data, to provide or improve user-facing features that are prominent from the Deliverea Application.<br \/>\nUser data accessed and purposes<\/p>\n<ul>\n<li>Email, language preference and profile pic data are accessed for login purposes via Oauth Google services<\/li>\n<li>Deliverea\u2019s centralized carrier ticketing tool, with your consent, can:\n<ul>\n<li>send emails on your behalf at your request.<\/li>\n<li>read your email. The scope will be limited to the email threads initially open through Deliverea\u2019s platform.<\/li>\n<\/ul>\n<\/li>\n<\/ul>\n<h3>Allowed Transfer<\/h3>\n<p>In agreement with Google, Deliverea will only transfer restricted scope data outside of the company if that data transfer is necessary to:<\/p>\n<ul>\n<li>provide or improve user-facing features that are prominent from the Deliverea interface,<\/li>\n<li>to comply with applicable laws, or<\/li>\n<li>release as a part of a merger, acquisition, or sale of assets.<\/li>\n<\/ul>\n<p>All other transfers or sales of user data are completely prohibited.<\/p>\n<h3>Prohibited Advertising<\/h3>\n<p>Deliverea will never use or transfer restricted scope data to serve users advertisements. This includes personalized, re-targeted and interest-based advertising.<\/p>\n<h3>Prohibited Interaction<\/h3>\n<p>In agreement with Google, Deliverea prohibits humans from reading restricted scope user data. For example, it is used to extract your emails and send them on your behalf. Deliverea employees will never be permitted to read through a user\u2019s Gmails unless:<\/p>\n<ul>\n<li>you consent to share specific messages for support purposes, or<\/li>\n<li>it is necessary for security purposes, or<\/li>\n<li>it is necessary to comply with applicable laws, or<\/li>\n<li>if aggregated and anonymized for internal operations purposes<\/li>\n<\/ul>\n<h3>Consent<\/h3>\n<p>Google does not allow you to consent to the sharing of your data with partners.<\/p>\n","protected":false},"excerpt":{"rendered":"<p>Deliverea uses data obtained from the Google API in compliance with the Google API Services User Data Policy. Allowed Use With your permission Google allows Deliverea to utilize the restricted scope data, including Gmail data, to provide or improve user-facing features that are prominent from the Deliverea Application. User data accessed and purposes Email, language &#8230; <a title=\"Google privacy policy\" class=\"read-more\" href=\"https:\/\/www.deliverea.com\/en\/google-privacy-policy\/\" aria-label=\"Read more about Google privacy policy\">Read more<\/a><\/p>\n","protected":false},"author":1,"featured_media":0,"parent":0,"menu_order":0,"comment_status":"closed","ping_status":"closed","template":"page-legal.php","meta":{"_acf_changed":false,"inline_featured_image":false,"footnotes":""},"class_list":["post-19641","page","type-page","status-publish"],"acf":[],"yoast_head":"<!-- This site is optimized with the Yoast SEO plugin v27.4 - https:\/\/yoast.com\/product\/yoast-seo-wordpress\/ -->\n<title>Google privacy policy - Deliverea<\/title>\n<meta name=\"robots\" content=\"noindex, follow\" \/>\n<meta property=\"og:locale\" content=\"en_US\" \/>\n<meta property=\"og:type\" content=\"article\" \/>\n<meta property=\"og:title\" content=\"Google privacy policy - Deliverea\" \/>\n<meta property=\"og:description\" content=\"Deliverea uses data obtained from the Google API in compliance with the Google API Services User Data Policy. Allowed Use With your permission Google allows Deliverea to utilize the restricted scope data, including Gmail data, to provide or improve user-facing features that are prominent from the Deliverea Application. User data accessed and purposes Email, language ... Read more\" \/>\n<meta property=\"og:url\" content=\"https:\/\/www.deliverea.com\/google-privacy-policy\/\" \/>\n<meta property=\"og:site_name\" content=\"Deliverea\" \/>\n<meta property=\"og:image\" content=\"https:\/\/www.deliverea.com\/wp-content\/uploads\/2025\/12\/fondo__IA.webp\" \/>\n\t<meta property=\"og:image:width\" content=\"1649\" \/>\n\t<meta property=\"og:image:height\" content=\"961\" \/>\n\t<meta property=\"og:image:type\" content=\"image\/webp\" \/>\n<meta name=\"twitter:card\" content=\"summary_large_image\" \/>\n<meta name=\"twitter:label1\" content=\"Est. reading time\" \/>\n\t<meta name=\"twitter:data1\" content=\"2 minutes\" \/>\n<script type=\"application\/ld+json\" class=\"yoast-schema-graph\">{\"@context\":\"https:\\\/\\\/schema.org\",\"@graph\":[{\"@type\":\"WebPage\",\"@id\":\"https:\\\/\\\/www.deliverea.com\\\/google-privacy-policy\\\/\",\"url\":\"https:\\\/\\\/www.deliverea.com\\\/google-privacy-policy\\\/\",\"name\":\"Google privacy policy - Deliverea\",\"isPartOf\":{\"@id\":\"https:\\\/\\\/www.deliverea.com\\\/#website\"},\"datePublished\":\"2025-06-17T10:23:58+00:00\",\"breadcrumb\":{\"@id\":\"https:\\\/\\\/www.deliverea.com\\\/google-privacy-policy\\\/#breadcrumb\"},\"inLanguage\":\"en-US\",\"potentialAction\":[{\"@type\":\"ReadAction\",\"target\":[\"https:\\\/\\\/www.deliverea.com\\\/google-privacy-policy\\\/\"]}]},{\"@type\":\"BreadcrumbList\",\"@id\":\"https:\\\/\\\/www.deliverea.com\\\/google-privacy-policy\\\/#breadcrumb\",\"itemListElement\":[{\"@type\":\"ListItem\",\"position\":1,\"name\":\"Home\",\"item\":\"https:\\\/\\\/www.deliverea.com\\\/en\\\/\"},{\"@type\":\"ListItem\",\"position\":2,\"name\":\"Google privacy policy\"}]},{\"@type\":\"WebSite\",\"@id\":\"https:\\\/\\\/www.deliverea.com\\\/#website\",\"url\":\"https:\\\/\\\/www.deliverea.com\\\/\",\"name\":\"Deliverea\",\"description\":\"Gesti\u00f3n de env\u00edos y devoluci\u00f3n\",\"publisher\":{\"@id\":\"https:\\\/\\\/www.deliverea.com\\\/#organization\"},\"potentialAction\":[{\"@type\":\"SearchAction\",\"target\":{\"@type\":\"EntryPoint\",\"urlTemplate\":\"https:\\\/\\\/www.deliverea.com\\\/?s={search_term_string}\"},\"query-input\":{\"@type\":\"PropertyValueSpecification\",\"valueRequired\":true,\"valueName\":\"search_term_string\"}}],\"inLanguage\":\"en-US\"},{\"@type\":\"Organization\",\"@id\":\"https:\\\/\\\/www.deliverea.com\\\/#organization\",\"name\":\"Deliverea\",\"alternateName\":\"Deliverea\",\"url\":\"https:\\\/\\\/www.deliverea.com\\\/\",\"logo\":{\"@type\":\"ImageObject\",\"inLanguage\":\"en-US\",\"@id\":\"https:\\\/\\\/www.deliverea.com\\\/#\\\/schema\\\/logo\\\/image\\\/\",\"url\":\"https:\\\/\\\/www.deliverea.com\\\/wp-content\\\/uploads\\\/2025\\\/12\\\/favicon-96x96-1.png\",\"contentUrl\":\"https:\\\/\\\/www.deliverea.com\\\/wp-content\\\/uploads\\\/2025\\\/12\\\/favicon-96x96-1.png\",\"width\":96,\"height\":96,\"caption\":\"Deliverea\"},\"image\":{\"@id\":\"https:\\\/\\\/www.deliverea.com\\\/#\\\/schema\\\/logo\\\/image\\\/\"},\"sameAs\":[\"https:\\\/\\\/www.linkedin.com\\\/company\\\/deliverea\\\/\"]}]}<\/script>\n<!-- \/ Yoast SEO plugin. -->","yoast_head_json":{"title":"Google privacy policy - Deliverea","robots":{"index":"noindex","follow":"follow"},"og_locale":"en_US","og_type":"article","og_title":"Google privacy policy - Deliverea","og_description":"Deliverea uses data obtained from the Google API in compliance with the Google API Services User Data Policy. Allowed Use With your permission Google allows Deliverea to utilize the restricted scope data, including Gmail data, to provide or improve user-facing features that are prominent from the Deliverea Application. User data accessed and purposes Email, language ... Read more","og_url":"https:\/\/www.deliverea.com\/google-privacy-policy\/","og_site_name":"Deliverea","og_image":[{"width":1649,"height":961,"url":"https:\/\/www.deliverea.com\/wp-content\/uploads\/2025\/12\/fondo__IA.webp","type":"image\/webp"}],"twitter_card":"summary_large_image","twitter_misc":{"Est. reading time":"2 minutes"},"schema":{"@context":"https:\/\/schema.org","@graph":[{"@type":"WebPage","@id":"https:\/\/www.deliverea.com\/google-privacy-policy\/","url":"https:\/\/www.deliverea.com\/google-privacy-policy\/","name":"Google privacy policy - Deliverea","isPartOf":{"@id":"https:\/\/www.deliverea.com\/#website"},"datePublished":"2025-06-17T10:23:58+00:00","breadcrumb":{"@id":"https:\/\/www.deliverea.com\/google-privacy-policy\/#breadcrumb"},"inLanguage":"en-US","potentialAction":[{"@type":"ReadAction","target":["https:\/\/www.deliverea.com\/google-privacy-policy\/"]}]},{"@type":"BreadcrumbList","@id":"https:\/\/www.deliverea.com\/google-privacy-policy\/#breadcrumb","itemListElement":[{"@type":"ListItem","position":1,"name":"Home","item":"https:\/\/www.deliverea.com\/en\/"},{"@type":"ListItem","position":2,"name":"Google privacy policy"}]},{"@type":"WebSite","@id":"https:\/\/www.deliverea.com\/#website","url":"https:\/\/www.deliverea.com\/","name":"Deliverea","description":"Gesti\u00f3n de env\u00edos y devoluci\u00f3n","publisher":{"@id":"https:\/\/www.deliverea.com\/#organization"},"potentialAction":[{"@type":"SearchAction","target":{"@type":"EntryPoint","urlTemplate":"https:\/\/www.deliverea.com\/?s={search_term_string}"},"query-input":{"@type":"PropertyValueSpecification","valueRequired":true,"valueName":"search_term_string"}}],"inLanguage":"en-US"},{"@type":"Organization","@id":"https:\/\/www.deliverea.com\/#organization","name":"Deliverea","alternateName":"Deliverea","url":"https:\/\/www.deliverea.com\/","logo":{"@type":"ImageObject","inLanguage":"en-US","@id":"https:\/\/www.deliverea.com\/#\/schema\/logo\/image\/","url":"https:\/\/www.deliverea.com\/wp-content\/uploads\/2025\/12\/favicon-96x96-1.png","contentUrl":"https:\/\/www.deliverea.com\/wp-content\/uploads\/2025\/12\/favicon-96x96-1.png","width":96,"height":96,"caption":"Deliverea"},"image":{"@id":"https:\/\/www.deliverea.com\/#\/schema\/logo\/image\/"},"sameAs":["https:\/\/www.linkedin.com\/company\/deliverea\/"]}]}},"_links":{"self":[{"href":"https:\/\/www.deliverea.com\/en\/wp-json\/wp\/v2\/pages\/19641","targetHints":{"allow":["GET"]}}],"collection":[{"href":"https:\/\/www.deliverea.com\/en\/wp-json\/wp\/v2\/pages"}],"about":[{"href":"https:\/\/www.deliverea.com\/en\/wp-json\/wp\/v2\/types\/page"}],"author":[{"embeddable":true,"href":"https:\/\/www.deliverea.com\/en\/wp-json\/wp\/v2\/users\/1"}],"replies":[{"embeddable":true,"href":"https:\/\/www.deliverea.com\/en\/wp-json\/wp\/v2\/comments?post=19641"}],"version-history":[{"count":0,"href":"https:\/\/www.deliverea.com\/en\/wp-json\/wp\/v2\/pages\/19641\/revisions"}],"wp:attachment":[{"href":"https:\/\/www.deliverea.com\/en\/wp-json\/wp\/v2\/media?parent=19641"}],"curies":[{"name":"wp","href":"https:\/\/api.w.org\/{rel}","templated":true}]}}